{"id":4240,"date":"2023-04-12T11:03:08","date_gmt":"2023-04-12T04:03:08","guid":{"rendered":"https:\/\/vn-buyoung.com\/san-pham\/by3-m6533\/"},"modified":"2023-06-03T10:07:21","modified_gmt":"2023-06-03T03:07:21","slug":"by3-m6533","status":"publish","type":"product","link":"https:\/\/vn-buyoung.com\/en\/product\/by3-m6533\/","title":{"rendered":"BY3-M6533\u00a0\u00a0\u00a0\u00a0"},"content":{"rendered":"<table>\n<tbody>\n<tr>\n<td>\n<div><img decoding=\"async\" title=\"c304db85ed41c2cc938839014323091d_1547711714-8607\" src=\"https:\/\/vn-buyoung.com\/wp-content\/uploads\/2023\/04\/c304db85ed41c2cc938839014323091d_1547711714-8607.jpg\" alt=\"BYYL-M6533(DO).jpg\" \/><\/div>\n<div>\n<table>\n<colgroup>\n<col \/><\/colgroup>\n<tbody>\n<tr>\n<td>Material<\/td>\n<\/tr>\n<tr>\n<td>(grain): (Steel)<\/td>\n<\/tr>\n<tr>\n<td>(housing)(rack): SUS201<\/td>\n<\/tr>\n<tr>\n<td><\/td>\n<\/tr>\n<tr>\n<td>end<\/td>\n<\/tr>\n<tr>\n<td>\/ Polish<\/td>\n<\/tr>\n<\/tbody>\n<\/table>\n<\/div>\n<\/td>\n<\/tr>\n<\/tbody>\n<\/table>","protected":false},"excerpt":{"rendered":"<p>\u2299 Ch\u1ea5t li\u1ec7u (h\u1ea1t): (Th\u00e9p) (nh\u00e0 \u1edf)(gi\u00e1 \u0111\u1ee1): SUS201 \u2299 k\u1ebft th\u00fac \/ \u0111\u00e1nh b\u00f3ng<\/p>","protected":false},"featured_media":4241,"comment_status":"closed","ping_status":"closed","template":"","meta":{"site-sidebar-layout":"default","site-content-layout":"default","ast-site-content-layout":"default","site-content-style":"default","site-sidebar-style":"default","ast-global-header-display":"","ast-banner-title-visibility":"","ast-main-header-display":"","ast-hfb-above-header-display":"","ast-hfb-below-header-display":"","ast-hfb-mobile-header-display":"","site-post-title":"","ast-breadcrumbs-content":"","ast-featured-img":"","footer-sml-layout":"","ast-disable-related-posts":"","theme-transparent-header-meta":"default","adv-header-id-meta":"","stick-header-meta":"","header-above-stick-meta":"","header-main-stick-meta":"","header-below-stick-meta":"","astra-migrate-meta-layouts":"default","ast-page-background-enabled":"default","ast-page-background-meta":{"desktop":{"background-color":"var(--ast-global-color-4)","background-image":"","background-repeat":"repeat","background-position":"center center","background-size":"auto","background-attachment":"scroll","background-type":"","background-media":"","overlay-type":"","overlay-color":"","overlay-opacity":"","overlay-gradient":""},"tablet":{"background-color":"","background-image":"","background-repeat":"repeat","background-position":"center center","background-size":"auto","background-attachment":"scroll","background-type":"","background-media":"","overlay-type":"","overlay-color":"","overlay-opacity":"","overlay-gradient":""},"mobile":{"background-color":"","background-image":"","background-repeat":"repeat","background-position":"center center","background-size":"auto","background-attachment":"scroll","background-type":"","background-media":"","overlay-type":"","overlay-color":"","overlay-opacity":"","overlay-gradient":""}},"ast-content-background-meta":{"desktop":{"background-color":"var(--ast-global-color-5)","background-image":"","background-repeat":"repeat","background-position":"center center","background-size":"auto","background-attachment":"scroll","background-type":"","background-media":"","overlay-type":"","overlay-color":"","overlay-opacity":"","overlay-gradient":""},"tablet":{"background-color":"var(--ast-global-color-5)","background-image":"","background-repeat":"repeat","background-position":"center center","background-size":"auto","background-attachment":"scroll","background-type":"","background-media":"","overlay-type":"","overlay-color":"","overlay-opacity":"","overlay-gradient":""},"mobile":{"background-color":"var(--ast-global-color-5)","background-image":"","background-repeat":"repeat","background-position":"center center","background-size":"auto","background-attachment":"scroll","background-type":"","background-media":"","overlay-type":"","overlay-color":"","overlay-opacity":"","overlay-gradient":""}}},"product_brand":[],"product_cat":[15,144],"product_tag":[],"class_list":{"0":"post-4240","1":"product","2":"type-product","3":"status-publish","4":"has-post-thumbnail","6":"product_cat-san-pham-moi","7":"product_cat-chot-chan-bi","8":"desktop-align-left","9":"tablet-align-left","10":"mobile-align-left","12":"first","13":"instock","14":"shipping-taxable","15":"product-type-simple"},"_links":{"self":[{"href":"https:\/\/vn-buyoung.com\/en\/wp-json\/wp\/v2\/product\/4240","targetHints":{"allow":["GET"]}}],"collection":[{"href":"https:\/\/vn-buyoung.com\/en\/wp-json\/wp\/v2\/product"}],"about":[{"href":"https:\/\/vn-buyoung.com\/en\/wp-json\/wp\/v2\/types\/product"}],"replies":[{"embeddable":true,"href":"https:\/\/vn-buyoung.com\/en\/wp-json\/wp\/v2\/comments?post=4240"}],"wp:featuredmedia":[{"embeddable":true,"href":"https:\/\/vn-buyoung.com\/en\/wp-json\/wp\/v2\/media\/4241"}],"wp:attachment":[{"href":"https:\/\/vn-buyoung.com\/en\/wp-json\/wp\/v2\/media?parent=4240"}],"wp:term":[{"taxonomy":"product_brand","embeddable":true,"href":"https:\/\/vn-buyoung.com\/en\/wp-json\/wp\/v2\/product_brand?post=4240"},{"taxonomy":"product_cat","embeddable":true,"href":"https:\/\/vn-buyoung.com\/en\/wp-json\/wp\/v2\/product_cat?post=4240"},{"taxonomy":"product_tag","embeddable":true,"href":"https:\/\/vn-buyoung.com\/en\/wp-json\/wp\/v2\/product_tag?post=4240"}],"curies":[{"name":"wp","href":"https:\/\/api.w.org\/{rel}","templated":true}]}}